{"id":4632,"date":"2025-01-28T17:37:48","date_gmt":"2025-01-28T16:37:48","guid":{"rendered":"https:\/\/www.tenutadicastellaro.it\/?page_id=4632"},"modified":"2025-01-28T18:04:02","modified_gmt":"2025-01-28T17:04:02","slug":"lipari","status":"publish","type":"page","link":"https:\/\/www.tenutadicastellaro.it\/en\/aeolian-islands\/lipari\/","title":{"rendered":"Lipari"},"content":{"rendered":"\n<section class=\"wp-block-evidenzio-columns heightvh-auto 50 banner_img_video\"><img decoding=\"async\" src=\"https:\/\/www.tenutadicastellaro.it\/wp-content\/uploads\/2024\/02\/isola-lipari-850.jpg\" alt=\"\" class=\"img_background\"\/><div class=\"container\"><div class=\"row\">\n<div class=\"wp-block-evidenzio-column col-12 col-md-12 col-lg is-vertically-aligned-center\"><\/div>\n<\/div><\/div><\/section>\n\n\n\n\n\n<section class=\"wp-block-evidenzio-columns\"><div class=\"container\"><div class=\"row\">\n<div class=\"wp-block-evidenzio-column col-12 col-md-12 col-lg-4 pe-lg-7\">\n<h1 class=\"wp-block-evidenzio-ev-title titolo_evidenzio d-block h5 has-text-align-undefined text-uppercase has-colore-tema-1-color has-text-color has-link-color wp-elements-a5fe6e7c859f8caafac72613c81eed97\">Lipari<\/h1>\n\n\n\n<span class=\"wp-block-evidenzio-ev-title titolo_evidenzio d-block h3 has-text-align-undefined text-uppercase\">Pearl of the Mediterranean<\/span>\n<\/div>\n\n\n\n<div class=\"wp-block-evidenzio-column col-12 col-md-12 col-lg pt-3\">\n<p>Lipari, a UNESCO World Heritage Site, is the largest island in the Aeolian Archipelago and a cultural and artistic gem. From a tourism perspective, it offers the perfect balance between entertainment and natural beauty.<\/p>\n\n\n\n<p>A visit to the island wouldn&#8217;t be complete without exploring the <strong>Castle with the Acropolis<\/strong>, the <strong>Aeolian Archaeological Museum<\/strong>, the <strong>Norman Cloister<\/strong>, and the numerous churches scattered across every corner of Lipari.<\/p>\n\n\n\n<p>Its territory is full of surprises, both inland and along the coast.<\/p>\n\n\n\n<p>Walking through the island&#8217;s interior allows nature to reveal itself at a slow and unhurried pace. Meanwhile, the sea offers a unique perspective of Lipari: the sculptures carved into the volcanic rocks over time are simply unforgettable.<\/p>\n<\/div>\n<\/div><\/div><\/section>\n\n\n\n<section class=\"wp-block-evidenzio-columns img_testo_boxed\"><div class=\"container\"><div class=\"row are-vertically-aligned-center\">\n<div class=\"wp-block-evidenzio-column col-12 col-md-12 col-lg-5 is-vertically-aligned-center col-img\">\n<figure class=\"wp-block-image size-full\"><img loading=\"lazy\" decoding=\"async\" width=\"952\" height=\"942\" src=\"https:\/\/www.tenutadicastellaro.it\/wp-content\/uploads\/2024\/02\/territorio-isola-lipari.jpg\" alt=\"\" class=\"wp-image-1363\" srcset=\"https:\/\/www.tenutadicastellaro.it\/wp-content\/uploads\/2024\/02\/territorio-isola-lipari.jpg 952w, https:\/\/www.tenutadicastellaro.it\/wp-content\/uploads\/2024\/02\/territorio-isola-lipari-300x297.jpg 300w, https:\/\/www.tenutadicastellaro.it\/wp-content\/uploads\/2024\/02\/territorio-isola-lipari-768x760.jpg 768w, https:\/\/www.tenutadicastellaro.it\/wp-content\/uploads\/2024\/02\/territorio-isola-lipari-600x594.jpg 600w, https:\/\/www.tenutadicastellaro.it\/wp-content\/uploads\/2024\/02\/territorio-isola-lipari-100x100.jpg 100w\" sizes=\"auto, (max-width: 952px) 100vw, 952px\" \/><\/figure>\n<\/div>\n\n\n\n<div class=\"wp-block-evidenzio-column col-12 col-md-12 col-lg is-vertically-aligned-center col_testo\">\n<h2 class=\"wp-block-evidenzio-ev-title titolo_evidenzio d-block h3 has-text-align-undefined text-uppercase\">Lipari: The First of the Seven Sisters<\/h2>\n\n\n\n<p>Lipari is the largest of the seven Aeolian Islands, a UNESCO World Heritage Site, which represents the emerged portion of a vast volcanic complex. With its undeniable charm, Lipari captivates visitors with its natural and artistic wonders, all packed into 37 square kilometers of breathtaking landscapes.<\/p>\n\n\n\n<p>The sea is the island&#8217;s defining feature, with its diverse cliffs sculpted by lava, beaches framed by sheer rock faces, and shores of white pumice or black volcanic sand inviting you to bask in the sun.<\/p>\n\n\n\n<p>Beneath the surface, you can explore shipwrecks, as well as untouched flora and fauna. To preserve this natural treasure, the Aeolian Islands are set to become a designated marine protected area in the near future.<\/p>\n<\/div>\n<\/div><\/div><\/section>\n\n\n\n<section class=\"wp-block-evidenzio-columns img_testo_boxed\"><div class=\"container\"><div class=\"row are-vertically-aligned-center flex-column-reverse flex-lg-row\">\n<div class=\"wp-block-evidenzio-column col-12 col-md-12 col-lg is-vertically-aligned-center col_testo\">\n<h2 class=\"wp-block-evidenzio-ev-title titolo_evidenzio d-block h3 has-text-align-undefined text-uppercase\">The Trails of Lipari<\/h2>\n\n\n\n<p>Exploring the island is also possible through dozens of trails winding along hills and coastal slopes, overlooking valleys open to the sea breeze. These paths offer unforgettable emotions, allowing you to immerse yourself in nature\u2014the true essence of the archipelago.<\/p>\n\n\n\n<p>Lipari is a land of vivid colors and bold contrasts, nurturing every grape of our vines and inspiring every bottle we create. This is Lipari: air and light, sea and wind, and an ancient wisdom. And all of this is captured in our wines.<\/p>\n<\/div>\n\n\n\n<div class=\"wp-block-evidenzio-column col-12 col-md-12 col-lg-5 is-vertically-aligned-center col-img\">\n<figure class=\"wp-block-image size-full\"><img loading=\"lazy\" decoding=\"async\" width=\"952\" height=\"942\" src=\"https:\/\/www.tenutadicastellaro.it\/wp-content\/uploads\/2024\/02\/trekking-nesos-lipari.jpg\" alt=\"\" class=\"wp-image-1365\" srcset=\"https:\/\/www.tenutadicastellaro.it\/wp-content\/uploads\/2024\/02\/trekking-nesos-lipari.jpg 952w, https:\/\/www.tenutadicastellaro.it\/wp-content\/uploads\/2024\/02\/trekking-nesos-lipari-300x297.jpg 300w, https:\/\/www.tenutadicastellaro.it\/wp-content\/uploads\/2024\/02\/trekking-nesos-lipari-768x760.jpg 768w, https:\/\/www.tenutadicastellaro.it\/wp-content\/uploads\/2024\/02\/trekking-nesos-lipari-600x594.jpg 600w, https:\/\/www.tenutadicastellaro.it\/wp-content\/uploads\/2024\/02\/trekking-nesos-lipari-100x100.jpg 100w\" sizes=\"auto, (max-width: 952px) 100vw, 952px\" \/><\/figure>\n<\/div>\n<\/div><\/div><\/section>\n\n\n\n<section class=\"wp-block-evidenzio-columns img_testo_boxed\"><div class=\"container\"><div class=\"row are-vertically-aligned-center\">\n<div class=\"wp-block-evidenzio-column col-12 col-md-12 col-lg-5 is-vertically-aligned-center col-img\">\n<figure class=\"wp-block-image size-full\"><img loading=\"lazy\" decoding=\"async\" width=\"952\" height=\"942\" src=\"https:\/\/www.tenutadicastellaro.it\/wp-content\/uploads\/2024\/02\/isola-lipari-vita.jpg\" alt=\"\" class=\"wp-image-1367\" srcset=\"https:\/\/www.tenutadicastellaro.it\/wp-content\/uploads\/2024\/02\/isola-lipari-vita.jpg 952w, https:\/\/www.tenutadicastellaro.it\/wp-content\/uploads\/2024\/02\/isola-lipari-vita-300x297.jpg 300w, https:\/\/www.tenutadicastellaro.it\/wp-content\/uploads\/2024\/02\/isola-lipari-vita-768x760.jpg 768w, https:\/\/www.tenutadicastellaro.it\/wp-content\/uploads\/2024\/02\/isola-lipari-vita-600x594.jpg 600w, https:\/\/www.tenutadicastellaro.it\/wp-content\/uploads\/2024\/02\/isola-lipari-vita-100x100.jpg 100w\" sizes=\"auto, (max-width: 952px) 100vw, 952px\" \/><\/figure>\n<\/div>\n\n\n\n<div class=\"wp-block-evidenzio-column col-12 col-md-12 col-lg is-vertically-aligned-center col_testo\">\n<h2 class=\"wp-block-evidenzio-ev-title titolo_evidenzio d-block h3 has-text-align-undefined text-uppercase\">A Sea of Life<\/h2>\n\n\n\n<p>Lipari&#8217;s nightlife is vibrant, colorful, and filled with music. Bars and venues line the main street and the square at Marina Corta. For those who wish to dance until dawn, the island offers nightclubs, or you can join organized transfers to nearby islands for an unforgettable night out.<\/p>\n<\/div>\n<\/div><\/div><\/section>\n\n\n\n<section class=\"wp-block-evidenzio-columns heightvh-auto cform has-colore-tema-4-color has-colore-tema-5-background-color has-text-color has-background has-link-color wp-elements-b951cfa477e06571855bd62d13c15c78\" id=\"form\"><div class=\"container\"><div class=\"row are-vertically-aligned-top\">\n<div class=\"wp-block-evidenzio-column col-12 col-md-12 col-lg is-vertically-aligned-top pe-lg-5\">\n<span class=\"wp-block-evidenzio-ev-title titolo_evidenzio d-block h1 has-text-align-undefined\">Discover the latest from Tenuta di Castellaro!<\/span>\n\n\n\n<p>Leave your details to subscribe to our newsletter and stay updated on all our news.<\/p>\n<\/div>\n\n\n\n<div class=\"wp-block-evidenzio-column col-12 col-md-12 col-lg is-vertically-aligned-top\">\n<div class=\"wp-block-contact-form-7-contact-form-selector\">\n<div class=\"wpcf7 no-js\" id=\"wpcf7-f4284-o1\" lang=\"en-US\" dir=\"ltr\" data-wpcf7-id=\"4284\">\n<div class=\"screen-reader-response\"><p role=\"status\" aria-live=\"polite\" aria-atomic=\"true\"><\/p> <ul><\/ul><\/div>\n<form action=\"\/en\/wp-json\/wp\/v2\/pages\/4632#wpcf7-f4284-o1\" method=\"post\" class=\"wpcf7-form init wpcf7-acceptance-as-validation\" aria-label=\"Contact form\" novalidate=\"novalidate\" data-status=\"init\">\n<fieldset class=\"hidden-fields-container\"><input type=\"hidden\" name=\"_wpcf7\" value=\"4284\" \/><input type=\"hidden\" name=\"_wpcf7_version\" value=\"6.1.4\" \/><input type=\"hidden\" name=\"_wpcf7_locale\" value=\"en_US\" \/><input type=\"hidden\" name=\"_wpcf7_unit_tag\" value=\"wpcf7-f4284-o1\" \/><input type=\"hidden\" name=\"_wpcf7_container_post\" value=\"0\" \/><input type=\"hidden\" name=\"_wpcf7_posted_data_hash\" value=\"\" \/><input type=\"hidden\" name=\"_wpcf7_recaptcha_response\" value=\"\" \/>\n<\/fieldset>\n<div class=\"row\">\n<div class=\"col-6\"><label>Name<\/label><span class=\"wpcf7-form-control-wrap\" data-name=\"NOME\"><input size=\"40\" maxlength=\"400\" class=\"wpcf7-form-control wpcf7-text wpcf7-validates-as-required form-control\" aria-required=\"true\" aria-invalid=\"false\" value=\"\" type=\"text\" name=\"NOME\" \/><\/span><\/div>\n<div class=\"col-6\"><label>Surname<\/label><span class=\"wpcf7-form-control-wrap\" data-name=\"COGNOME\"><input size=\"40\" maxlength=\"400\" class=\"wpcf7-form-control wpcf7-text wpcf7-validates-as-required form-control\" aria-required=\"true\" aria-invalid=\"false\" value=\"\" type=\"text\" name=\"COGNOME\" \/><\/span><\/div>\n<\/div>\n<div class=\"row\">\n<div class=\"col-12 col-lg-6\"><label>Select your profile<\/label><span class=\"wpcf7-form-control-wrap\" data-name=\"TIPOLOGIA\"><select class=\"wpcf7-form-control wpcf7-select form-select\" aria-invalid=\"false\" name=\"TIPOLOGIA\"><option value=\"select\">select<\/option><option value=\"Private\">Private<\/option><option value=\"Professional\">Professional<\/option><\/select><\/span><\/div>\n<div class=\"col-12 col-lg-6\"><label>Country<\/label><span class=\"wpcf7-form-control-wrap\" data-name=\"PAESE\"><select class=\"wpcf7-form-control wpcf7-select form-select\" aria-invalid=\"false\" name=\"PAESE\"><option value=\"\"><\/option><option value=\"Italy\">Italy<\/option><option value=\"Afghanistan\">Afghanistan<\/option><option value=\"Albania\">Albania<\/option><option value=\"Algeria\">Algeria<\/option><option value=\"Andorra\">Andorra<\/option><option value=\"Angola\">Angola<\/option><option value=\"Anguilla\">Anguilla<\/option><option value=\"Antigua e Barbuda\">Antigua e Barbuda<\/option><option value=\"Arabia Saudita\">Arabia Saudita<\/option><option value=\"Argentina\">Argentina<\/option><option value=\"Armenia\">Armenia<\/option><option value=\"Aruba\">Aruba<\/option><option value=\"Australia\">Australia<\/option><option value=\"Austria\">Austria<\/option><option value=\"Azerbaigian\">Azerbaigian<\/option><option value=\"Bahamas\">Bahamas<\/option><option value=\"Bahrain\">Bahrain<\/option><option value=\"Bangladesh\">Bangladesh<\/option><option value=\"Barbados\">Barbados<\/option><option value=\"Belgio\">Belgio<\/option><option value=\"Belize\">Belize<\/option><option value=\"Benin\">Benin<\/option><option value=\"Bermuda\">Bermuda<\/option><option value=\"Bhutan\">Bhutan<\/option><option value=\"Bielorussia\">Bielorussia<\/option><option value=\"Birmania\">Birmania<\/option><option value=\"Bolivia\">Bolivia<\/option><option value=\"Bosnia ed Erzegovina\">Bosnia ed Erzegovina<\/option><option value=\"Botswana\">Botswana<\/option><option value=\"Brasile\">Brasile<\/option><option value=\"Brunei\">Brunei<\/option><option value=\"Bulgaria\">Bulgaria<\/option><option value=\"Burkina Faso\">Burkina Faso<\/option><option value=\"Burundi\">Burundi<\/option><option value=\"Cambogia\">Cambogia<\/option><option value=\"Camerun\">Camerun<\/option><option value=\"Canada\">Canada<\/option><option value=\"Capo Verde\">Capo Verde<\/option><option value=\"Ceuta\">Ceuta<\/option><option value=\"Ciad\">Ciad<\/option><option value=\"Cile\">Cile<\/option><option value=\"Cina\">Cina<\/option><option value=\"Cipro\">Cipro<\/option><option value=\"Citt\u00e0 del Vaticano\">Citt\u00e0 del Vaticano<\/option><option value=\"Colombia\">Colombia<\/option><option value=\"Comore\">Comore<\/option><option value=\"Corea del Nord\">Corea del Nord<\/option><option value=\"Corea del Sud\">Corea del Sud<\/option><option value=\"Costa d&#039;Avorio\">Costa d&#039;Avorio<\/option><option value=\"Costa Rica\">Costa Rica<\/option><option value=\"Croazia\">Croazia<\/option><option value=\"Cuba\">Cuba<\/option><option value=\"Cura\u00e7ao\">Cura\u00e7ao<\/option><option value=\"Danimarca\">Danimarca<\/option><option value=\"Dominica\">Dominica<\/option><option value=\"Ecuador\">Ecuador<\/option><option value=\"Egitto\">Egitto<\/option><option value=\"El Salvador\">El Salvador<\/option><option value=\"Emirati Arabi Uniti\">Emirati Arabi Uniti<\/option><option value=\"Eritrea\">Eritrea<\/option><option value=\"eSwatini\">eSwatini<\/option><option value=\"Estonia\">Estonia<\/option><option value=\"Etiopia\">Etiopia<\/option><option value=\"F\u00e6r \u00d8er\">F\u00e6r \u00d8er<\/option><option value=\"Figi\">Figi<\/option><option value=\"Filippine\">Filippine<\/option><option value=\"Finlandia\">Finlandia<\/option><option value=\"Francia\">Francia<\/option><option value=\"Gabon\">Gabon<\/option><option value=\"Gambia\">Gambia<\/option><option value=\"Georgia\">Georgia<\/option><option value=\"Georgia del Sud e Isole Sandwich Australi\">Georgia del Sud e Isole Sandwich Australi<\/option><option value=\"Germania\">Germania<\/option><option value=\"Ghana\">Ghana<\/option><option value=\"Giamaica\">Giamaica<\/option><option value=\"Giappone\">Giappone<\/option><option value=\"Gibilterra\">Gibilterra<\/option><option value=\"Gibuti\">Gibuti<\/option><option value=\"Giordania\">Giordania<\/option><option value=\"Grecia\">Grecia<\/option><option value=\"Grenada\">Grenada<\/option><option value=\"Groenlandia\">Groenlandia<\/option><option value=\"Guadalupa\">Guadalupa<\/option><option value=\"Guam\">Guam<\/option><option value=\"Guatemala\">Guatemala<\/option><option value=\"Guinea\">Guinea<\/option><option value=\"Guinea Equatoriale\">Guinea Equatoriale<\/option><option value=\"Guinea-Bissau\">Guinea-Bissau<\/option><option value=\"Guyana\">Guyana<\/option><option value=\"Guyana francese\">Guyana francese<\/option><option value=\"Haiti\">Haiti<\/option><option value=\"Honduras\">Honduras<\/option><option value=\"Hong Kong\">Hong Kong<\/option><option value=\"India\">India<\/option><option value=\"Indonesia\">Indonesia<\/option><option value=\"Iran\">Iran<\/option><option value=\"Iraq\">Iraq<\/option><option value=\"Irlanda\">Irlanda<\/option><option value=\"Islanda\">Islanda<\/option><option value=\"Isola di Man\">Isola di Man<\/option><option value=\"Isole Canarie\">Isole Canarie<\/option><option value=\"Isole Cayman\">Isole Cayman<\/option><option value=\"Isole Cocos e Keeling\">Isole Cocos e Keeling<\/option><option value=\"Isole Cook\">Isole Cook<\/option><option value=\"Isola di Natale\">Isola di Natale<\/option><option value=\"Isole Falkland\">Isole Falkland<\/option><option value=\"Isole Marianne Settentrionali\">Isole Marianne Settentrionali<\/option><option value=\"Isole Marshall\">Isole Marshall<\/option><option value=\"Isola Norfolk\">Isola Norfolk<\/option><option value=\"Isole Pitcairn\">Isole Pitcairn<\/option><option value=\"Isole Salomone\">Isole Salomone<\/option><option value=\"Isole Sparse dell&#039;oceano Indiano\">Isole Sparse dell&#039;oceano Indiano<\/option><option value=\"Isole Vergini Americane\">Isole Vergini Americane<\/option><option value=\"Isole Vergini Britanniche\">Isole Vergini Britanniche<\/option><option value=\"Israele\">Israele<\/option><option value=\"Kazakistan\">Kazakistan<\/option><option value=\"Kenya\">Kenya<\/option><option value=\"Kirghizistan\">Kirghizistan<\/option><option value=\"Kiribati\">Kiribati<\/option><option value=\"Kosovo\">Kosovo<\/option><option value=\"Kuwait\">Kuwait<\/option><option value=\"Laos\">Laos<\/option><option value=\"Lesotho\">Lesotho<\/option><option value=\"Lettonia\">Lettonia<\/option><option value=\"Libano\">Libano<\/option><option value=\"Liberia\">Liberia<\/option><option value=\"Libia\">Libia<\/option><option value=\"Liechtenstein\">Liechtenstein<\/option><option value=\"Lituania\">Lituania<\/option><option value=\"Lussemburgo\">Lussemburgo<\/option><option value=\"Macao\">Macao<\/option><option value=\"Macedonia del Nord\">Macedonia del Nord<\/option><option value=\"Madagascar\">Madagascar<\/option><option value=\"Madera\">Madera<\/option><option value=\"Malawi\">Malawi<\/option><option value=\"Maldive\">Maldive<\/option><option value=\"Malesia\">Malesia<\/option><option value=\"Mali\">Mali<\/option><option value=\"Malta\">Malta<\/option><option value=\"Marocco\">Marocco<\/option><option value=\"Martinica\">Martinica<\/option><option value=\"Mauritania\">Mauritania<\/option><option value=\"Mauritius\">Mauritius<\/option><option value=\"Mayotte\">Mayotte<\/option><option value=\"Melilla\">Melilla<\/option><option value=\"Messico\">Messico<\/option><option value=\"Moldavia\">Moldavia<\/option><option value=\"Mongolia\">Mongolia<\/option><option value=\"Montenegro\">Montenegro<\/option><option value=\"Montserrat\">Montserrat<\/option><option value=\"Mozambico\">Mozambico<\/option><option value=\"Namibia\">Namibia<\/option><option value=\"Nauru\">Nauru<\/option><option value=\"Nepal\">Nepal<\/option><option value=\"Nicaragua\">Nicaragua<\/option><option value=\"Niger\">Niger<\/option><option value=\"Nigeria\">Nigeria<\/option><option value=\"Niue\">Niue<\/option><option value=\"Norvegia\">Norvegia<\/option><option value=\"Nuova Caledonia\">Nuova Caledonia<\/option><option value=\"Nuova Zelanda\">Nuova Zelanda<\/option><option value=\"Oman\">Oman<\/option><option value=\"Paesi Bassi\">Paesi Bassi<\/option><option value=\"Pakistan\">Pakistan<\/option><option value=\"Palau\">Palau<\/option><option value=\"Stato di Palestina\">Stato di Palestina<\/option><option value=\"Panama\">Panama<\/option><option value=\"Papua Nuova Guinea\">Papua Nuova Guinea<\/option><option value=\"Paraguay\">Paraguay<\/option><option value=\"Per\u00f9\">Per\u00f9<\/option><option value=\"Polinesia Francese\">Polinesia Francese<\/option><option value=\"Polonia\">Polonia<\/option><option value=\"Porto Rico\">Porto Rico<\/option><option value=\"Portogallo\">Portogallo<\/option><option value=\"Principato di Monaco\">Principato di Monaco<\/option><option value=\"Qatar\">Qatar<\/option><option value=\"Regno Unito\">Regno Unito<\/option><option value=\"Repubblica Ceca\">Repubblica Ceca<\/option><option value=\"Repubblica Centrafricana\">Repubblica Centrafricana<\/option><option value=\"Repubblica del Congo\">Repubblica del Congo<\/option><option value=\"Repubblica Democratica del Congo\">Repubblica Democratica del Congo<\/option><option value=\"Repubblica Dominicana\">Repubblica Dominicana<\/option><option value=\"La Riunione\">La Riunione<\/option><option value=\"Romania\">Romania<\/option><option value=\"Ruanda\">Ruanda<\/option><option value=\"Russia\">Russia<\/option><option value=\"Saint Kitts e Nevis\">Saint Kitts e Nevis<\/option><option value=\"Saint Vincent e Grenadine\">Saint Vincent e Grenadine<\/option><option value=\"Saint-Barth\u00e9lemy\">Saint-Barth\u00e9lemy<\/option><option value=\"Saint-Martin\">Saint-Martin<\/option><option value=\"Saint-Pierre e Miquelon\">Saint-Pierre e Miquelon<\/option><option value=\"Samoa\">Samoa<\/option><option value=\"Samoa Americane\">Samoa Americane<\/option><option value=\"San Marino\">San Marino<\/option><option value=\"Saint Lucia\">Saint Lucia<\/option><option value=\"Sant&#039;Elena, Ascensione e Tristan da Cunha\">Sant&#039;Elena, Ascensione e Tristan da Cunha<\/option><option value=\"S\u00e3o Tom\u00e9 e Pr\u00edncipe\">S\u00e3o Tom\u00e9 e Pr\u00edncipe<\/option><option value=\"Senegal\">Senegal<\/option><option value=\"Serbia\">Serbia<\/option><option value=\"Seychelles\">Seychelles<\/option><option value=\"Sierra Leone\">Sierra Leone<\/option><option value=\"Singapore\">Singapore<\/option><option value=\"Sint Maarten\">Sint Maarten<\/option><option value=\"Siria\">Siria<\/option><option value=\"Slovacchia\">Slovacchia<\/option><option value=\"Slovenia\">Slovenia<\/option><option value=\"Somalia\">Somalia<\/option><option value=\"Spagna\">Spagna<\/option><option value=\"Sri Lanka\">Sri Lanka<\/option><option value=\"Stati Federati di Micronesia\">Stati Federati di Micronesia<\/option><option value=\"Stati Uniti d&#039;America\">Stati Uniti d&#039;America<\/option><option value=\"Sudafrica\">Sudafrica<\/option><option value=\"Sudan\">Sudan<\/option><option value=\"Sudan del Sud\">Sudan del Sud<\/option><option value=\"Suriname\">Suriname<\/option><option value=\"Svezia\">Svezia<\/option><option value=\"Svizzera\">Svizzera<\/option><option value=\"Tagikistan\">Tagikistan<\/option><option value=\"Taiwan\">Taiwan<\/option><option value=\"Tanzania\">Tanzania<\/option><option value=\"Thailandia\">Thailandia<\/option><option value=\"Timor Est\">Timor Est<\/option><option value=\"Togo\">Togo<\/option><option value=\"Tokelau\">Tokelau<\/option><option value=\"Tonga\">Tonga<\/option><option value=\"Trinidad e Tobago\">Trinidad e Tobago<\/option><option value=\"Tunisia\">Tunisia<\/option><option value=\"Turchia\">Turchia<\/option><option value=\"Turkmenistan\">Turkmenistan<\/option><option value=\"Turks e Caicos\">Turks e Caicos<\/option><option value=\"Tuvalu\">Tuvalu<\/option><option value=\"Ucraina\">Ucraina<\/option><option value=\"Uganda\">Uganda<\/option><option value=\"Ungheria\">Ungheria<\/option><option value=\"Uruguay\">Uruguay<\/option><option value=\"Uzbekistan\">Uzbekistan<\/option><option value=\"Vanuatu\">Vanuatu<\/option><option value=\"Venezuela\">Venezuela<\/option><option value=\"Vietnam\">Vietnam<\/option><option value=\"Wallis e Futuna\">Wallis e Futuna<\/option><option value=\"Yemen\">Yemen<\/option><option value=\"Zambia\">Zambia<\/option><option value=\"Zimbabwe\">Zimbabwe<\/option><\/select><\/span><\/div>\n<\/div>\n<div class=\"row\">\n<div class=\"col-12\"><label>Email<\/label><span class=\"wpcf7-form-control-wrap\" data-name=\"EMAIL\"><input size=\"40\" maxlength=\"400\" class=\"wpcf7-form-control wpcf7-email wpcf7-validates-as-required wpcf7-text wpcf7-validates-as-email form-control\" aria-required=\"true\" aria-invalid=\"false\" value=\"\" type=\"email\" name=\"EMAIL\" \/><\/span><\/div>\n<\/div>\n<div class=\"row\">\n<div class=\"col-12\"><span class=\"wpcf7-form-control-wrap\" data-name=\"acceptance-28\"><span class=\"wpcf7-form-control wpcf7-acceptance\"><span class=\"wpcf7-list-item\"><input type=\"checkbox\" name=\"acceptance-28\" value=\"1\" class=\"form-check-input\" aria-invalid=\"false\" \/><\/span><\/span><\/span> <p class=\"frase_privacy\">I consent to the processing of my personal data for the purposes of automatic and free delivery via email, to receive advertising or commercial communications through newsletters.<\/p>\n<\/div><\/div>\n<div class=\"row\"><div class=\"mt-3 col-12 text-center text-lg-end\"><span class=\"btn-wrapper\"><input class=\"wpcf7-form-control wpcf7-submit has-spinner btn btn-outline-dark\" type=\"submit\" value=\"Send\" \/><\/span><\/div><\/div><div class=\"wpcf7-response-output\" aria-hidden=\"true\"><\/div>\n<\/form>\n<\/div>\n<\/div>\n<\/div>\n<\/div><\/div><\/section>\n","protected":false},"excerpt":{"rendered":"","protected":false},"author":2,"featured_media":0,"parent":3991,"menu_order":12,"comment_status":"closed","ping_status":"closed","template":"","meta":{"_acf_changed":false,"inline_featured_image":false,"footnotes":""},"class_list":["post-4632","page","type-page","status-publish","hentry"],"acf":[],"_links":{"self":[{"href":"https:\/\/www.tenutadicastellaro.it\/en\/wp-json\/wp\/v2\/pages\/4632","targetHints":{"allow":["GET"]}}],"collection":[{"href":"https:\/\/www.tenutadicastellaro.it\/en\/wp-json\/wp\/v2\/pages"}],"about":[{"href":"https:\/\/www.tenutadicastellaro.it\/en\/wp-json\/wp\/v2\/types\/page"}],"author":[{"embeddable":true,"href":"https:\/\/www.tenutadicastellaro.it\/en\/wp-json\/wp\/v2\/users\/2"}],"replies":[{"embeddable":true,"href":"https:\/\/www.tenutadicastellaro.it\/en\/wp-json\/wp\/v2\/comments?post=4632"}],"version-history":[{"count":0,"href":"https:\/\/www.tenutadicastellaro.it\/en\/wp-json\/wp\/v2\/pages\/4632\/revisions"}],"up":[{"embeddable":true,"href":"https:\/\/www.tenutadicastellaro.it\/en\/wp-json\/wp\/v2\/pages\/3991"}],"wp:attachment":[{"href":"https:\/\/www.tenutadicastellaro.it\/en\/wp-json\/wp\/v2\/media?parent=4632"}],"curies":[{"name":"wp","href":"https:\/\/api.w.org\/{rel}","templated":true}]}}